{"id":3,"date":"2020-09-30T11:26:17","date_gmt":"2020-09-30T14:26:17","guid":{"rendered":"http:\/\/construcaofavaretto.com.br\/?page_id=3"},"modified":"2022-10-17T22:36:42","modified_gmt":"2022-10-18T01:36:42","slug":"politica-de-privacidade","status":"publish","type":"page","link":"https:\/\/construcaofavaretto.com.br\/index.php\/politica-de-privacidade\/","title":{"rendered":"Pol\u00edtica de privacidade"},"content":{"rendered":"\n\t<section class=\"section\" id=\"section_835639775\">\n\t\t<div class=\"bg section-bg fill bg-fill  bg-loaded\" >\n\n\t\t\t\n\t\t\t\n\t\t\t\n\n\t\t<\/div>\n\n\t\t<div class=\"section-content relative\">\n\t\t\t\n\n<div class=\"row\"  id=\"row-1316747241\">\n\n\n\t<div class=\"col small-12 large-12\"  >\n\t\t<div class=\"col-inner\"  >\n\t\t\t\n\t\t\t\n\n<h1 style=\"text-align: center;\"><span style=\"color: #000000;\"><strong>Aviso De Privacidade<\/strong><\/span><\/h1>\n<p><span style=\"color: #000000;\">A Favaretto Materiais de Constru\u00e7\u00e3o Ltda (\u201cFavaretto\u201d ou simplesmente \u201cN\u00f3s\u201d), consciente das necessidades de Privacidade e Seguran\u00e7a de Dados que envolve e permeia toda a sociedade, apresenta a voc\u00ea este Aviso de Privacidade, explicando a forma como n\u00f3s coletamos e utilizamos Dados Pessoais, e para quais fins.<\/span><\/p>\n<p><span style=\"color: #000000;\">Nossa <strong>vis\u00e3o<\/strong> como empresa faz com que tenhamos o foco no cliente e nas rela\u00e7\u00f5es humanas; e nossa <strong>miss\u00e3o<\/strong> \u00e9 trazer ao cliente o melhor produto, o atendimento mais humanizado e a maior confian\u00e7a. Temos a privacidade como elemento desta confian\u00e7a.<\/span><\/p>\n<p><span style=\"color: #000000;\">Este Aviso de Privacidade \u00e9 uma forma de permitir que voc\u00ea tenha um acesso claro e facilitado acerca dos tratamentos de dados pessoais, da forma mais transparente poss\u00edvel. A Favaretto se identifica como controladora de dados pessoais e se coloca, desde j\u00e1, a sua disposi\u00e7\u00e3o para sanar qualquer d\u00favida ou exercer qualquer direito acerca da Prote\u00e7\u00e3o e Privacidade de Dados Pessoais.<\/span><\/p>\n<h3 style=\"text-align: center;\"><span style=\"color: #000000;\"><em>CAP\u00cdTULO I &#8211; DEFINI\u00c7\u00d5ES<\/em><\/span><\/h3>\n<p><span style=\"color: #000000;\"><strong>Defini\u00e7\u00f5es acerca desta pol\u00edtica<\/strong><\/span><\/p>\n<p><span style=\"color: #000000;\">Aqui tentamos deixar mais claro quais s\u00e3o algumas das defini\u00e7\u00f5es que s\u00e3o utilizadas nesta Pol\u00edtica, permitindo uma melhor compreens\u00e3o. Se preferir, pode pular este bloco sem problemas.<\/span><\/p>\n<ul>\n<li><span style=\"color: #000000;\"><strong>Titular:<\/strong> uma pessoa f\u00edsica que tenha rela\u00e7\u00f5es com a Favaretto, voc\u00ea por exemplo.<\/span><\/li>\n<li><span style=\"color: #000000;\"><strong>Dado pessoal: <\/strong>qualquer informa\u00e7\u00e3o que seja vinculado a qualquer titular, mesmo que indiretamente.<\/span><\/li>\n<li><span style=\"color: #000000;\"><strong>Dado pessoal sens\u00edvel: <\/strong>dado pessoal sobre origem racial ou \u00e9tnica, convic\u00e7\u00e3o religiosa, opini\u00e3o pol\u00edtica, filia\u00e7\u00e3o a sindicato ou a organiza\u00e7\u00e3o de car\u00e1ter religioso, filos\u00f3fico ou pol\u00edtico, dado referente \u00e0 sa\u00fade ou \u00e0 vida sexual, dado gen\u00e9tico ou biom\u00e9trico, quando vinculado a algum titular; n\u00f3s somente coletamos dados pessoais sens\u00edveis quando s\u00e3o extremamente necess\u00e1rios.<\/span><\/li>\n<li><span style=\"color: #000000;\"><strong>Controlador: <\/strong>\u00e9 a Favaretto; n\u00f3s realizamos uma intermedia\u00e7\u00e3o entre voc\u00ea e elas, e sempre priorizamos a sua privacidade por aqui.<\/span><\/li>\n<li><span style=\"color: #000000;\"><strong>Operador: <\/strong>s\u00e3o nossos fornecedores e parceiros, que realizam tratamento de dados pessoais em nosso nome, atrav\u00e9s das t\u00e9cnicas e tecnologias que eles dominam. Um mundo globalizado exige especializa\u00e7\u00e3o, e n\u00f3s sempre utilizaremos os melhores servi\u00e7os para poder lhe atender bem, e vamos exigir de todos os nossos operadores as melhores pr\u00e1ticas de privacidade.<\/span><\/li>\n<li><span style=\"color: #000000;\"><strong>Encarregado \/ DPO: <\/strong>\u00e9 a DataVisor &#8211; Privacidade em Dados, o canal de comunica\u00e7\u00e3o entre voc\u00ea e a Favaretto. \u00c9 respons\u00e1vel por garantir um melhor atendimento a voc\u00ea, al\u00e9m de explicar qualquer d\u00favida que voc\u00ea possa ter sobre a Lei Geral de Prote\u00e7\u00e3o de Dados na nossa empresa.<\/span><\/li>\n<li><span style=\"color: #000000;\"><strong>Tratamento: <\/strong>s\u00e3o as opera\u00e7\u00f5es realizadas com os seus dados, indo desde a coleta, passando pelo armazenamento e processamento, e chegando at\u00e9 a exclus\u00e3o. N\u00f3s sempre realizamos tratamento com a maior legalidade e transpar\u00eancia.<\/span><\/li>\n<li><span style=\"color: #000000;\"><strong>Consentimento: <\/strong>\u00e9 uma manifesta\u00e7\u00e3o livre, informada e inequ\u00edvoca pela qual voc\u00ea concorda com um determinado tratamento de seus dados, para uma finalidade espec\u00edfica; voc\u00ea pode revogar algum consentimento a qualquer tempo.<\/span><\/li>\n<li><span style=\"color: #000000;\"><strong>Anonimiza\u00e7\u00e3o: <\/strong>\u00e9 um m\u00e9todo t\u00e9cnico para que seus dados se tornem imposs\u00edveis de serem vinculados a voc\u00ea.<\/span><\/li>\n<li><span style=\"color: #000000;\"><strong>Bloqueio: <\/strong>\u00e9 uma suspens\u00e3o tempor\u00e1ria de qualquer opera\u00e7\u00e3o de tratamento nos seus dados pessoais.<\/span><\/li>\n<\/ul>\n<h3 style=\"text-align: center;\"><strong><span style=\"color: #000000;\"><em>CAP\u00cdTULO II \u2013 PROTE\u00c7\u00c3O DOS DADOS E INFORMA\u00c7\u00d5ES<\/em><\/span><\/strong><\/h3>\n<p><span style=\"color: #000000;\"><strong>Nossos objetivos<\/strong><\/span><\/p>\n<p><span style=\"color: #000000;\">Estamos empenhados em garantir a Prote\u00e7\u00e3o e a Confidencialidade dos dados que s\u00e3o colocados sob nossa guarda, especialmente os dados pessoais, de acordo com os princ\u00edpios e objetivos da Lei Geral de Prote\u00e7\u00e3o de Dados Pessoais (LGPD), tanto em nossas depend\u00eancias quanto com nossos operadores de dados pessoais, nos meios f\u00edsicos e digitais.<\/span><\/p>\n<p><span style=\"color: #000000;\">Para isso, implementamos e continuaremos implementado, desde a concep\u00e7\u00e3o e em todos os nossos processos e procedimentos, medidas de Seguran\u00e7a t\u00e9cnicas e administrativas aptas a proteger os dados pessoais de acessos n\u00e3o autorizados, e de quaisquer formas de tratamento inadequado ou il\u00edcito. Exigimos de nossos fornecedores uma igual responsabilidade com seus dados pessoais, em todos nossos contratos.<\/span><\/p>\n<p><span style=\"color: #000000;\">Os dados s\u00e3o seus e sempre respeitaremos isto.<\/span><\/p>\n<p><span style=\"color: #000000;\"><strong>Quais s\u00e3o as responsabilidades da Favaretto e como s\u00e3o protegidos meus dados pessoais?<\/strong><\/span><\/p>\n<p><span style=\"color: #000000;\">Nossa responsabilidade \u00e9 cuidar dos seus Dados Pessoais e utiliz\u00e1-los somente para as finalidades descritas nesta Pol\u00edtica. E para garantir a sua privacidade a prote\u00e7\u00e3o dos seus Dados Pessoais, adotamos pr\u00e1ticas de seguran\u00e7a e de governan\u00e7a adequadas para nosso mercado, incluindo o uso de t\u00e9cnicas de criptografia e outros sistemas de seguran\u00e7a da informa\u00e7\u00e3o. Temos um programa de privacidade, regras de boas pr\u00e1ticas e de governan\u00e7a, pol\u00edticas e procedimentos internos que estabelecem as condi\u00e7\u00f5es de organiza\u00e7\u00e3o, regime de funcionamento, a\u00e7\u00f5es educativas, mecanismos de supervis\u00e3o e de mitiga\u00e7\u00e3o de riscos e outros aspectos relacionados ao Tratamento de Dados Pessoais. Promovemos treinamento e a\u00e7\u00f5es educativas aos nossos colaboradores, revendedores e representantes, bem como, buscamos avaliar cuidadosamente nossos Fornecedores e firmar com eles obriga\u00e7\u00f5es contratuais de seguran\u00e7a da informa\u00e7\u00e3o e prote\u00e7\u00e3o de Dados Pessoais, com o objetivo de minimizar riscos para voc\u00ea, Titular de Dados.<\/span><\/p>\n<p><span style=\"color: #000000;\">N\u00f3s trabalhamos para proteger a sua privacidade e seus Dados Pessoais, mas infelizmente o risco sempre existir\u00e1 e seguran\u00e7a total \u00e9 algo que n\u00e3o depende apenas das nossas a\u00e7\u00f5es e processos. N\u00f3s sempre buscaremos seguir as melhores pr\u00e1ticas, tecnologias e m\u00e9todos; mas se algum imprevisto que possa acarretar risco ou dano relevante acontecer, voc\u00ea ser\u00e1 devidamente comunicado da forma mais transparente poss\u00edvel.<\/span><\/p>\n<h3 style=\"text-align: center;\"><strong><span style=\"color: #000000;\"><em>CAP\u00cdTULO III \u2013 DADOS PESSOAIS<\/em><\/span><\/strong><\/h3>\n<p><span style=\"color: #000000;\"><strong>Coleta de dados pessoais<\/strong><\/span><\/p>\n<p><span style=\"color: #000000;\">Os tipos de dados pessoais e a forma como coletamos depende de como voc\u00ea se relaciona conosco. Por exemplo, se voc\u00ea utiliza o atendimento remoto, efetua algum or\u00e7amento ou compra de forma presencial ou se solicita a entrega de sua mercadoria.<\/span><\/p>\n<p><span style=\"color: #000000;\">Os dados s\u00e3o seus, e n\u00f3s respeitaremos isto.<\/span><\/p>\n<p><span style=\"color: #000000;\"><strong>QUANDO REALIZAMOS A COLETA DE DADOS PESSOAIS<\/strong><\/span><\/p>\n<p><span style=\"color: #000000;\">A coleta de dados pessoais \u00e9 realizada de forma \u00e9tica e respons\u00e1vel e, aqui, detalhamos de uma forma que voc\u00ea possa ter uma vis\u00e3o transparente sobre quais dados coletamos, e por que motivo o fazemos:<\/span><\/p>\n<p><span style=\"color: #000000;\"><strong><em>Venda de produtos<\/em><\/strong><\/span><\/p>\n<p><span style=\"color: #000000;\">Nos atendimentos para que voc\u00ea escolha suas mercadorias, realize seu cadastro e receba suas notas fiscais, n\u00f3s precisaremos coletar alguns dados sobre voc\u00ea. Os dados coletados incluem o nome, foto, CPF, CEP, logradouro, bairro, cidade, UF, telefone, data de nascimento e um e-mail para o envio da proposta.<\/span><\/p>\n<p><span style=\"color: #000000;\">Algumas destas informa\u00e7\u00f5es s\u00e3o importantes pelas naturezas de alguns produtos (qu\u00edmicos, por exemplo) ou para que possamos garantir a entrega de sua mercadoria.<\/span><\/p>\n<table>\n<tbody>\n<tr>\n<td width=\"262\"><br \/>\n<p><span style=\"color: #000000;\"><strong>Qual o objetivo do uso destes dados?<\/strong><\/span><\/p>\n<\/td>\n<td width=\"313\">\n<p><span style=\"color: #000000;\"><strong>Quais as atividades de tratamento est\u00e3o envolvidas?<\/strong><\/span><\/p>\n<\/td>\n<\/tr>\n<tr>\n<td width=\"262\">\n<p><span style=\"color: #000000;\">Realizar a venda das mercadorias<\/span><\/p>\n<\/td>\n<td width=\"313\">\n<p><span style=\"color: #000000;\">\u00fc\u00a0 Realizar seu cadastro e registrar seu pedido e or\u00e7amento;<\/span><\/p>\n<p><span style=\"color: #000000;\">\u00fc\u00a0 Emitir a nota fiscal ou cupom fiscal; e<\/span><\/p>\n<p><span style=\"color: #000000;\">\u00fc\u00a0 Permitir a execu\u00e7\u00e3o das garantias sob suas mercadorias.<\/span><\/p>\n<\/td>\n<\/tr>\n<\/tbody>\n<\/table>\n<p><span style=\"color: #000000;\"><strong><em>Tratamentos de dados adicionais<\/em><\/strong><\/span><\/p>\n<p><span style=\"color: #000000;\">Buscando lhe oferecer os melhores pre\u00e7os e vantagens, podemos lhe enviar mensagens por <em>WhatsApp<\/em> com ofertas de produtos ou promo\u00e7\u00f5es. Voc\u00ea sempre poder\u00e1 optar por cancelar o envio de mensagens assim que quiser.<\/span><\/p>\n<p><span style=\"color: #000000;\">Podemos tamb\u00e9m realizar liga\u00e7\u00f5es para oferecer servi\u00e7os, notificar renova\u00e7\u00f5es, condi\u00e7\u00f5es especiais e promo\u00e7\u00f5es ou mesmo viabilizar uma forma mais c\u00f4moda de realizar suas compras.<\/span><\/p>\n<p><span style=\"color: #000000;\"><strong><em>Cookies<\/em><\/strong><\/span><\/p>\n<p><span style=\"color: #000000;\">O <em>website<\/em> da Favaretto utiliza <em>cookies<\/em> para prover funcionalidades e coletar dados de tr\u00e1fego, gerando informa\u00e7\u00f5es estat\u00edsticas do seu acesso, buscando uma melhor experi\u00eancia para voc\u00ea.<\/span><\/p>\n<p><span style=\"color: #000000;\">Um <em>cookie<\/em> \u00e9 um pequeno arquivo transferido do <em>website<\/em> ao seu navegador ou dispositivo (como celular e <em>tablets<\/em>), estes arquivos permitem saber qual seu navegador, como voc\u00ea navega pelas p\u00e1ginas e quais acessa e utiliza. Podem ser coletados atrav\u00e9s dos <em>cookies<\/em> informa\u00e7\u00f5es como seu IP, data e hora do seu acesso.<\/span><\/p>\n<p><span style=\"color: #000000;\">Voc\u00ea pode ver a lista completa em Favaretto.datavisor.com.br\/cookies.html.<\/span><\/p>\n<p><span style=\"color: #000000;\"><strong>UTILIZA\u00c7\u00c3O DE DADOS PESSOAIS<\/strong><\/span><\/p>\n<p><span style=\"color: #000000;\"><strong>Acesso \u00e0 dados pessoais<\/strong> \u00a0\u00a0\u00a0\u00a0\u00a0\u00a0\u00a0\u00a0\u00a0\u00a0\u00a0\u00a0\u00a0\u00a0\u00a0\u00a0\u00a0\u00a0\u00a0\u00a0\u00a0\u00a0\u00a0\u00a0\u00a0<\/span><\/p>\n<p><span style=\"color: #000000;\">Os acessos aos dados s\u00e3o restritos apenas a funcion\u00e1rios autorizados, com acessos restritos conforme sua fun\u00e7\u00e3o e devidamente treinados para o uso adequado destas informa\u00e7\u00f5es. Os funcion\u00e1rios que se utilizarem indevidamente destas informa\u00e7\u00f5es, ferindo as Pol\u00edticas da Favaretto, estar\u00e3o sujeitos \u00e0s penalidades do nosso processo disciplinar.<\/span><\/p>\n<p><span style=\"color: #000000;\"><strong>Compartilhamento de dados pessoais<\/strong><\/span><\/p>\n<p><span style=\"color: #000000;\">N\u00f3s sempre nos dedicamos ao desenvolvimento de nossa regi\u00e3o, facilidade de compra aos nossos clientes e pelo bom atendimento. Para melhorar toda a experi\u00eancia de nossos clientes e fornecedores, operamos em parceria com uma s\u00e9rie de empresas e tecnologias; dessa forma, podemos compartilhar seus dados pessoais com essas empresas, buscando sempre preservar a sua privacidade e a seguran\u00e7a das informa\u00e7\u00f5es e tecnologias utilizadas. Podemos compartilhar seus dados para as seguintes institui\u00e7\u00f5es:<\/span><\/p>\n<p><span style=\"color: #000000;\"><strong><em>Entidades e Autoridades P\u00fablicas<\/em><\/strong><\/span><\/p>\n<p><span style=\"color: #000000;\">N\u00f3s temos de compartilhar uma s\u00e9rie de dados com o governo para o cumprimento de obriga\u00e7\u00f5es legais, como o envio de notas e cupons fiscais; al\u00e9m de que, caso um juiz ou autoridade p\u00fablica nos exigir que compartilhemos dados pessoais \u2013 para uma investiga\u00e7\u00e3o, por exemplo \u2013, vamos compartilhar, exceto se entendermos haver abuso de autoridade. N\u00f3s sempre respeitaremos e defenderemos a sua privacidade.<\/span><\/p>\n<p><span style=\"color: #000000;\"><strong><em>Representantes comerciais<\/em><\/strong><\/span><\/p>\n<p><span style=\"color: #000000;\">Caso utilizarmos representantes comerciais para permitir um atendimento mais c\u00f4modo e personalizado e eles ter\u00e3o acesso aos seus dados para que possam entrar em contato e realizar suas cota\u00e7\u00f5es e or\u00e7amentos, de forma sempre segura.<\/span><\/p>\n<p><span style=\"color: #000000;\"><strong><em>Parceiros e Fornecedores<\/em><\/strong><\/span><\/p>\n<p><span style=\"color: #000000;\">Temos fornecedores especializados, e utilizamos de suas solu\u00e7\u00f5es no tratamento de dados pessoais que coletamos, eles auxiliam para que possamos atend\u00ea-los de uma forma melhor, com mais qualidade e agilidade.<\/span><\/p>\n<p><span style=\"color: #000000;\">N\u00f3s sempre avaliamos cuidadosamente todos os fornecedores que operam dados pessoais, e utilizamos de s\u00f3lidas obriga\u00e7\u00f5es contratuais sobre seguran\u00e7a da informa\u00e7\u00e3o, prote\u00e7\u00e3o e privacidade de dados pessoais, sempre focando no titular dos dados.<\/span><\/p>\n<p><span style=\"color: #000000;\">Dentre os nossos fornecedores, podemos citar os seguintes ramos: (i) <em>softwares<\/em> gerenciais; (ii) hospedagem de sistemas na internet; (iii) desenvolvedoras de <em>websites<\/em>; (iv) log\u00edstica e entrega de produtos; (v) assessorias de cobran\u00e7a e cadastro de inadimpl\u00eancia e antifraude; (vi) meios de processamento de pagamentos; (vii) assessores empresariais e viabilizadores de produtos; e (vii) an\u00e1lises consultivas e de autorias.<\/span><\/p>\n<p><span style=\"color: #000000;\"><strong>Por quanto tempo armazenamos os dados?<\/strong><\/span><\/p>\n<p><span style=\"color: #000000;\">Os dados pessoais ser\u00e3o armazenados somente pelo tempo que for necess\u00e1rio para cumprir com as finalidades para que foram coletados, salvo quando houver alguma raz\u00e3o para sua guarda, como cumprimento de obriga\u00e7\u00f5es legais, regulat\u00f3rias, contratuais, dentre outras. Todos os tratamentos \u2013 incluindo o armazenamento \u2013 ser\u00e3o sempre fundamentados em uma base legal.<\/span><\/p>\n<p><span style=\"color: #000000;\">Voc\u00ea pode solicitar a exclus\u00e3o dos seus dados se preferir, n\u00e3o hesite em entrar em contato com o nosso DPO atrav\u00e9s do endere\u00e7o dados@superfavaretto.com.br.<\/span><\/p>\n<h3 style=\"text-align: center;\"><strong><span style=\"color: #000000;\"><em>CAP\u00cdTULO IV \u2013DIREITOS DOS TITULARES<\/em><\/span><\/strong><\/h3>\n<p><span style=\"color: #000000;\"><strong>Quais s\u00e3o meus direitos?<\/strong><\/span><\/p>\n<p><span style=\"color: #000000;\">Voc\u00ea tem direito de controle de seus dados, e pode exerc\u00ea-los entrando em contato com o nosso encarregado de prote\u00e7\u00e3o de dados \/ DPO, a DataVisor \u2013 Privacidade em Dados, pelo e-mail dados@superfavaretto.com.br; voc\u00ea pode realizar a requisi\u00e7\u00e3o dos seguintes direitos:<\/span><\/p>\n<ul>\n<li><span style=\"color: #000000;\"><strong>Confirma\u00e7\u00e3o de processamento: <\/strong>confirmamos se realizamos algum tratamento com os dados mantidos pela Favaretto.<\/span><\/li>\n<li><span style=\"color: #000000;\"><strong>Acesso aos dados: <\/strong>voc\u00ea pode acessar os dados que temos sobre voc\u00ea, de maneira simplificada ou completa, s\u00f3 ficam de fora os casos de prote\u00e7\u00e3o de segredo comercial e industrial.<\/span><\/li>\n<li><span style=\"color: #000000;\"><strong>Corre\u00e7\u00e3o de dados: <\/strong>caso algum dos seus dados estejam incorretos, desatualizado ou incompleto, n\u00f3s iremos atualiz\u00e1-los para voc\u00ea.<\/span><\/li>\n<li><span style=\"color: #000000;\"><strong>Anonimiza\u00e7\u00e3o e bloqueio: <\/strong>n\u00f3s anonimizaremos ou bloquearemos os dados desnecess\u00e1rios, excessivos ou tratados em desconformidade \u00e0 Lei Geral de Prote\u00e7\u00e3o de Dados. Anonimizar significa deixar as informa\u00e7\u00f5es de um jeito que ningu\u00e9m possa compreender, desvinculando os dados de voc\u00ea, n\u00f3s a realizamos utilizando os meios t\u00e9cnicos razo\u00e1veis e dispon\u00edveis.<\/span><\/li>\n<li><span style=\"color: #000000;\"><strong>Portabilidade: <\/strong>estamos aguardando uma regulamenta\u00e7\u00e3o da Autoridade Nacional de Prote\u00e7\u00e3o de Dados (ANPD) sobre a portabilidade, mas voc\u00ea pode solicitar o acesso aos dados e enviar diretamente para outra empresa se preferir.<\/span><\/li>\n<li><span style=\"color: #000000;\"><strong>Informa\u00e7\u00e3o sobre o compartilhamento de dados: <\/strong>n\u00f3s podemos informar mais detalhadamente com quem compartilhamos seus dados pessoais, bem como mais categorias de dados s\u00e3o compartilhadas com entidades p\u00fablicas ou privadas.<\/span><\/li>\n<li><span style=\"color: #000000;\"><strong>Revoga\u00e7\u00e3o de consentimento: <\/strong>caso voc\u00ea tenha fornecido algum consentimento para o tratamento de dados pessoais e tenha mudado de ideia, entre em contrato e o revogaremos.<\/span><\/li>\n<li><span style=\"color: #000000;\"><strong>Elimina\u00e7\u00e3o dos dados pessoais: <\/strong>caso prefira, podemos excluir os dados pessoais de nossa base, s\u00f3 o manteremos se realmente precisarmos \u2013 para o cumprimento de alguma obriga\u00e7\u00e3o regulat\u00f3ria, ou exerc\u00edcio regular de direitos da Favaretto.<\/span><\/li>\n<\/ul>\n<p><span style=\"color: #000000;\">Voc\u00ea pode enviar um e-mail a qualquer hora, e n\u00f3s iremos responder e garantir efetividade da maneira mais imediata, e tentaremos nunca demorar mais de 15 (quinze) dias para lhe atendermos completamente, nos termos da Lei Geral de Prote\u00e7\u00e3o de Dados Pessoais.<\/span><\/p>\n<h3 style=\"text-align: center;\"><strong><span style=\"color: #000000;\"><em>CAP\u00cdTULO V \u2013DISPOSI\u00c7\u00d5ES GERAIS<\/em><\/span><\/strong><\/h3>\n<p><span style=\"color: #000000;\"><strong>Mudan\u00e7as na Pol\u00edtica de Privacidade<\/strong><\/span><\/p>\n<p><span style=\"color: #000000;\">A Favaretto realizar\u00e1 altera\u00e7\u00f5es nesta pol\u00edtica sempre que necess\u00e1rio, incluindo novos tratamentos, bases legais ou novidades acerca de Seguran\u00e7a de Dados e Privacidade em sua estrutura e produtos.<\/span><\/p>\n<p><span style=\"color: #000000;\"><strong>Como falar sobre dados pessoais com a Favaretto?<\/strong><\/span><\/p>\n<p><span style=\"color: #000000;\">Qualquer d\u00favida, reclama\u00e7\u00e3o ou solicita\u00e7\u00e3o referente a Privacidade e Prote\u00e7\u00e3o de Dados, bem como o exerc\u00edcio de qualquer Direito previsto na legisla\u00e7\u00e3o de dados, entre em contato conosco enviando um e-mail para: <a style=\"color: #000000;\" href=\"mailto:fracel@fracelseguros.com.br\">dados@superfavaretto.com.br<\/a>; ou realizar uma requisi\u00e7\u00e3o na nossa sede f\u00edsica de cada uma de nossas filiais.<\/span><\/p>\n<p><span style=\"color: #000000;\">Chapec\u00f3, 11 de julho de 2022.<\/span><\/p>\n\n\t\t<\/div>\n\t<\/div>\n\n\t\n\n<\/div>\n\n\t\t<\/div>\n\n\t\t\n<style scope=\"scope\">\n\n#section_835639775 {\n  padding-top: 30px;\n  padding-bottom: 30px;\n}\n<\/style>\n\t<\/section>\n\t\n\n","protected":false},"excerpt":{"rendered":"","protected":false},"author":1,"featured_media":0,"parent":0,"menu_order":0,"comment_status":"closed","ping_status":"open","template":"page-blank.php","meta":[],"_links":{"self":[{"href":"https:\/\/construcaofavaretto.com.br\/index.php\/wp-json\/wp\/v2\/pages\/3"}],"collection":[{"href":"https:\/\/construcaofavaretto.com.br\/index.php\/wp-json\/wp\/v2\/pages"}],"about":[{"href":"https:\/\/construcaofavaretto.com.br\/index.php\/wp-json\/wp\/v2\/types\/page"}],"author":[{"embeddable":true,"href":"https:\/\/construcaofavaretto.com.br\/index.php\/wp-json\/wp\/v2\/users\/1"}],"replies":[{"embeddable":true,"href":"https:\/\/construcaofavaretto.com.br\/index.php\/wp-json\/wp\/v2\/comments?post=3"}],"version-history":[{"count":1,"href":"https:\/\/construcaofavaretto.com.br\/index.php\/wp-json\/wp\/v2\/pages\/3\/revisions"}],"predecessor-version":[{"id":143,"href":"https:\/\/construcaofavaretto.com.br\/index.php\/wp-json\/wp\/v2\/pages\/3\/revisions\/143"}],"wp:attachment":[{"href":"https:\/\/construcaofavaretto.com.br\/index.php\/wp-json\/wp\/v2\/media?parent=3"}],"curies":[{"name":"wp","href":"https:\/\/api.w.org\/{rel}","templated":true}]}}